{"id":2,"date":"2016-06-17T08:47:23","date_gmt":"2016-06-17T06:47:23","guid":{"rendered":"https:\/\/juni-x.de\/wordpress_jx\/?page_id=2"},"modified":"2022-12-02T09:39:54","modified_gmt":"2022-12-02T08:39:54","slug":"start","status":"publish","type":"page","link":"https:\/\/juni-x.de\/wordpress_jx\/","title":{"rendered":"Start"},"content":{"rendered":"<p>Die Juni-X EDV-Service GmbH ist seit 30 Jahren <span style=\"font-family: Verdana,Tahoma,Arial,Helvetica,sans-serif,sans-serif;\">verl\u00e4\u00dflicher Partner, Softwarelieferant und Betreuer vor Ort oder Remote.<\/span><\/p>\n<ul>\n<li>Verlagssoftware <a href=\"https:\/\/juni-x.de\/wordpress_jx\/magic-verlag\/\">MAGIC-VERLAG<\/a><\/li>\n<li>Softwareentwicklung Windows<\/li>\n<li>Webentwicklung \/ WordPress<\/li>\n<li>Systemadministration und IT-Support<\/li>\n<li>Betreuung von Anwendungen, PC&#8217;s und Netzwerken<\/li>\n<li>Integration von Standardl\u00f6sungen<\/li>\n<\/ul>\n<p>Unsere Kunden legen Wert auf pers\u00f6nliche Betreuung, Individualit\u00e4t und eine langfristige Zusammenarbeit.<\/p>\n<p>Die Eigenentwicklung MAGIC-VERLAG ist bei kleinen und mittelgro\u00dfen Zeitschriftenverlagen, Anzeigenbl\u00e4ttern, Anzeigenagenturen, Verlagsvertretungen und Verlagsdienstleistern im Einsatz.<\/p>\n","protected":false},"excerpt":{"rendered":"<p>Die Juni-X EDV-Service GmbH ist seit 30 Jahren verl\u00e4\u00dflicher Partner, Softwarelieferant und Betreuer vor Ort oder Remote. Verlagssoftware MAGIC-VERLAG Softwareentwicklung Windows Webentwicklung \/ WordPress Systemadministration und IT-Support Betreuung von Anwendungen, PC&#8217;s und Netzwerken Integration von Standardl\u00f6sungen Unsere Kunden legen Wert auf pers\u00f6nliche Betreuung, Individualit\u00e4t und eine langfristige Zusammenarbeit. Die Eigenentwicklung MAGIC-VERLAG ist bei kleinen und &hellip; <a href=\"https:\/\/juni-x.de\/wordpress_jx\/\" class=\"more-link\"><span class=\"screen-reader-text\">Start<\/span> weiterlesen <span class=\"meta-nav\">&rarr;<\/span><\/a><\/p>\n","protected":false},"author":1,"featured_media":0,"parent":0,"menu_order":0,"comment_status":"closed","ping_status":"open","template":"","meta":{"footnotes":""},"class_list":["post-2","page","type-page","status-publish","hentry"],"_links":{"self":[{"href":"https:\/\/juni-x.de\/wordpress_jx\/wp-json\/wp\/v2\/pages\/2","targetHints":{"allow":["GET"]}}],"collection":[{"href":"https:\/\/juni-x.de\/wordpress_jx\/wp-json\/wp\/v2\/pages"}],"about":[{"href":"https:\/\/juni-x.de\/wordpress_jx\/wp-json\/wp\/v2\/types\/page"}],"author":[{"embeddable":true,"href":"https:\/\/juni-x.de\/wordpress_jx\/wp-json\/wp\/v2\/users\/1"}],"replies":[{"embeddable":true,"href":"https:\/\/juni-x.de\/wordpress_jx\/wp-json\/wp\/v2\/comments?post=2"}],"version-history":[{"count":13,"href":"https:\/\/juni-x.de\/wordpress_jx\/wp-json\/wp\/v2\/pages\/2\/revisions"}],"predecessor-version":[{"id":192,"href":"https:\/\/juni-x.de\/wordpress_jx\/wp-json\/wp\/v2\/pages\/2\/revisions\/192"}],"wp:attachment":[{"href":"https:\/\/juni-x.de\/wordpress_jx\/wp-json\/wp\/v2\/media?parent=2"}],"curies":[{"name":"wp","href":"https:\/\/api.w.org\/{rel}","templated":true}]}}