{"id":29,"date":"2016-06-17T11:06:39","date_gmt":"2016-06-17T09:06:39","guid":{"rendered":"https:\/\/juni-x.de\/wordpress_jx\/?page_id=29"},"modified":"2016-06-17T12:10:04","modified_gmt":"2016-06-17T10:10:04","slug":"module","status":"publish","type":"page","link":"https:\/\/juni-x.de\/wordpress_jx\/magic-verlag\/module\/","title":{"rendered":"Module"},"content":{"rendered":"<p>F\u00fcr die Abwicklung der Kernaufgaben im Verlag stehen die Module Anzeigen und Abo zur Verf\u00fcgung.<br \/>\nDas Modul Agentur ist speziell zur Abwicklung der Auftr\u00e4ge von Werbemittlern in der Anzeigenagentur.<\/p>\n<p>Die Botenverwaltung unterst\u00fctzt die Auslieferung von Anzeigenbl\u00e4ttern \u00fcber eigene Zustellernetze.<\/p>\n<p>Die Adressverwaltung ist jeweils Bestandteil der anderen Module.<\/p>\n<p>Eine Offene Posten-Verwaltung ist ebenfalls integriert. Wahlweise kann auch mit externen Buchhaltungssystemen gearbeitet werden. Schnittstellen dazu sind vorhanden und k\u00f6nnen erforderlichenfalls an Ihre Wunsch-FIBU angepasst werden.<\/p>\n<figure id=\"attachment_19\" aria-describedby=\"caption-attachment-19\" style=\"width: 754px\" class=\"wp-caption aligncenter\"><img loading=\"lazy\" decoding=\"async\" class=\"wp-image-19 size-full\" src=\"https:\/\/juni-x.de\/wordpress_jx\/wp-content\/uploads\/2016\/06\/menue.gif\" alt=\"Men\u00fc Anzeigen-Modul\" width=\"754\" height=\"607\" \/><figcaption id=\"caption-attachment-19\" class=\"wp-caption-text\">Auszug aus Men\u00fc im Anzeigen-Modul<\/figcaption><\/figure>\n","protected":false},"excerpt":{"rendered":"<p>F\u00fcr die Abwicklung der Kernaufgaben im Verlag stehen die Module Anzeigen und Abo zur Verf\u00fcgung. Das Modul Agentur ist speziell zur Abwicklung der Auftr\u00e4ge von Werbemittlern in der Anzeigenagentur. Die Botenverwaltung unterst\u00fctzt die Auslieferung von Anzeigenbl\u00e4ttern \u00fcber eigene Zustellernetze. Die Adressverwaltung ist jeweils Bestandteil der anderen Module. Eine Offene Posten-Verwaltung ist ebenfalls integriert. Wahlweise kann &hellip; <a href=\"https:\/\/juni-x.de\/wordpress_jx\/magic-verlag\/module\/\" class=\"more-link\"><span class=\"screen-reader-text\">Module<\/span> weiterlesen <span class=\"meta-nav\">&rarr;<\/span><\/a><\/p>\n","protected":false},"author":1,"featured_media":0,"parent":26,"menu_order":0,"comment_status":"closed","ping_status":"closed","template":"","meta":{"footnotes":""},"class_list":["post-29","page","type-page","status-publish","hentry"],"_links":{"self":[{"href":"https:\/\/juni-x.de\/wordpress_jx\/wp-json\/wp\/v2\/pages\/29","targetHints":{"allow":["GET"]}}],"collection":[{"href":"https:\/\/juni-x.de\/wordpress_jx\/wp-json\/wp\/v2\/pages"}],"about":[{"href":"https:\/\/juni-x.de\/wordpress_jx\/wp-json\/wp\/v2\/types\/page"}],"author":[{"embeddable":true,"href":"https:\/\/juni-x.de\/wordpress_jx\/wp-json\/wp\/v2\/users\/1"}],"replies":[{"embeddable":true,"href":"https:\/\/juni-x.de\/wordpress_jx\/wp-json\/wp\/v2\/comments?post=29"}],"version-history":[{"count":4,"href":"https:\/\/juni-x.de\/wordpress_jx\/wp-json\/wp\/v2\/pages\/29\/revisions"}],"predecessor-version":[{"id":34,"href":"https:\/\/juni-x.de\/wordpress_jx\/wp-json\/wp\/v2\/pages\/29\/revisions\/34"}],"up":[{"embeddable":true,"href":"https:\/\/juni-x.de\/wordpress_jx\/wp-json\/wp\/v2\/pages\/26"}],"wp:attachment":[{"href":"https:\/\/juni-x.de\/wordpress_jx\/wp-json\/wp\/v2\/media?parent=29"}],"curies":[{"name":"wp","href":"https:\/\/api.w.org\/{rel}","templated":true}]}}