{"id":35,"date":"2016-06-17T11:19:00","date_gmt":"2016-06-17T09:19:00","guid":{"rendered":"https:\/\/juni-x.de\/wordpress_jx\/?page_id=35"},"modified":"2016-06-18T15:20:30","modified_gmt":"2016-06-18T13:20:30","slug":"adressen","status":"publish","type":"page","link":"https:\/\/juni-x.de\/wordpress_jx\/magic-verlag\/module\/adressen\/","title":{"rendered":"Adressen"},"content":{"rendered":"<p>Die Adressen Ihrer Abonnenten, Anzeigenkunden und Interessenten sind mit das wichtigste Kapital des Verlages. Wir behandeln sie entsprechend: durch \u00fcbersichtliche und komfortable Suchfunktionen sowie durch Plausibilit\u00e4tspr\u00fcfungen anhand von SEPA-, Postleitzahlen-, Stra\u00dfen- und anderen Verzeichnissen. Schon w\u00e4hrend der Erfassung werden die Daten auf korrekte Schreibweise \u00fcberpr\u00fcft. Dadurch ist eine hohe Adressqualit\u00e4t gew\u00e4hrleistet.<br \/>\nF\u00fcr jede Adresse k\u00f6nnen Sie beliebig viele Kontaktpersonen, Werbekennziffern, Branchen, Vertriebssteuerungsdaten (wie Wiedervorlagetermine) und Notizen hinterlegen.<br \/>\nBeliebige Dokumente wie Word-, Excel-, PDF- oder JPG-Dateien k\u00f6nnen mit einer Adresse verkn\u00fcpft werden.<\/p>\n<p>Der zentrale Adresspool kann wahlweise nach Anzeigen und Abo getrennt werden. Das Programm kann aus allen Bereichen, in denen mit der Adresse gearbeitet wird, direkt angew\u00e4hlt werden.<br \/>\nDie zentrale und \u00fcbersichtliche Adressverwaltung ist Bestandteil des Anzeigen-, Abo- und Agentur-Moduls.<\/p>\n<figure id=\"attachment_8\" aria-describedby=\"caption-attachment-8\" style=\"width: 1025px\" class=\"wp-caption aligncenter\"><img loading=\"lazy\" decoding=\"async\" class=\"wp-image-8 size-full\" src=\"https:\/\/juni-x.de\/wordpress_jx\/wp-content\/uploads\/2016\/06\/adr1.gif\" alt=\"Adressen suchen \/ finden\" width=\"1025\" height=\"731\" \/><figcaption id=\"caption-attachment-8\" class=\"wp-caption-text\">Adressen suchen \/ finden<\/figcaption><\/figure>\n<p>&nbsp;<\/p>\n<figure id=\"attachment_9\" aria-describedby=\"caption-attachment-9\" style=\"width: 1012px\" class=\"wp-caption alignnone\"><img loading=\"lazy\" decoding=\"async\" class=\"wp-image-9 size-full\" src=\"https:\/\/juni-x.de\/wordpress_jx\/wp-content\/uploads\/2016\/06\/adr2.gif\" alt=\"Adressen bearbeiten\" width=\"1012\" height=\"633\" \/><figcaption id=\"caption-attachment-9\" class=\"wp-caption-text\">Adressen berarbeiten<\/figcaption><\/figure>\n<p>&nbsp;<\/p>\n","protected":false},"excerpt":{"rendered":"<p>Die Adressen Ihrer Abonnenten, Anzeigenkunden und Interessenten sind mit das wichtigste Kapital des Verlages. Wir behandeln sie entsprechend: durch \u00fcbersichtliche und komfortable Suchfunktionen sowie durch Plausibilit\u00e4tspr\u00fcfungen anhand von SEPA-, Postleitzahlen-, Stra\u00dfen- und anderen Verzeichnissen. Schon w\u00e4hrend der Erfassung werden die Daten auf korrekte Schreibweise \u00fcberpr\u00fcft. Dadurch ist eine hohe Adressqualit\u00e4t gew\u00e4hrleistet. F\u00fcr jede Adresse k\u00f6nnen &hellip; <a href=\"https:\/\/juni-x.de\/wordpress_jx\/magic-verlag\/module\/adressen\/\" class=\"more-link\"><span class=\"screen-reader-text\">Adressen<\/span> weiterlesen <span class=\"meta-nav\">&rarr;<\/span><\/a><\/p>\n","protected":false},"author":1,"featured_media":0,"parent":29,"menu_order":0,"comment_status":"closed","ping_status":"closed","template":"","meta":{"footnotes":""},"class_list":["post-35","page","type-page","status-publish","hentry"],"_links":{"self":[{"href":"https:\/\/juni-x.de\/wordpress_jx\/wp-json\/wp\/v2\/pages\/35","targetHints":{"allow":["GET"]}}],"collection":[{"href":"https:\/\/juni-x.de\/wordpress_jx\/wp-json\/wp\/v2\/pages"}],"about":[{"href":"https:\/\/juni-x.de\/wordpress_jx\/wp-json\/wp\/v2\/types\/page"}],"author":[{"embeddable":true,"href":"https:\/\/juni-x.de\/wordpress_jx\/wp-json\/wp\/v2\/users\/1"}],"replies":[{"embeddable":true,"href":"https:\/\/juni-x.de\/wordpress_jx\/wp-json\/wp\/v2\/comments?post=35"}],"version-history":[{"count":3,"href":"https:\/\/juni-x.de\/wordpress_jx\/wp-json\/wp\/v2\/pages\/35\/revisions"}],"predecessor-version":[{"id":101,"href":"https:\/\/juni-x.de\/wordpress_jx\/wp-json\/wp\/v2\/pages\/35\/revisions\/101"}],"up":[{"embeddable":true,"href":"https:\/\/juni-x.de\/wordpress_jx\/wp-json\/wp\/v2\/pages\/29"}],"wp:attachment":[{"href":"https:\/\/juni-x.de\/wordpress_jx\/wp-json\/wp\/v2\/media?parent=35"}],"curies":[{"name":"wp","href":"https:\/\/api.w.org\/{rel}","templated":true}]}}