{"id":40,"date":"2016-06-17T11:41:31","date_gmt":"2016-06-17T09:41:31","guid":{"rendered":"https:\/\/juni-x.de\/wordpress_jx\/?page_id=40"},"modified":"2023-04-11T12:34:40","modified_gmt":"2023-04-11T10:34:40","slug":"abos","status":"publish","type":"page","link":"https:\/\/juni-x.de\/wordpress_jx\/magic-verlag\/module\/abos\/","title":{"rendered":"Abos"},"content":{"rendered":"<p>Was f\u00fcr Anzeigen gut ist, gilt auch f\u00fcr Abos:<br \/>\nOb Sie nun 1.000 oder 100.000 Exemplare auf ein oder mehrere Objekte oder Firmen verteilt, pro Woche, monatlich, j\u00e4hrlich oder wie auch immer, als Frei-, Geschenk-, Probe- oder regul\u00e4res Abonnement, im Inland oder Ausland versenden und per Rechnung,\u00a0 Lastschrift oder Kreditkarte zahlen lassen &#8211; mit MAGIC-VERLAG bekommen Sie es in den Griff.<\/p>\n<ul>\n<li>Getrennte Liefer- und Rechnungsanschrift<\/li>\n<li>Frei-, Geschenk- und Probeabos mit terminierten Sonderpreisen<\/li>\n<li>Abrechnungsmodi, z.B. monatlich, j\u00e4hrlich oder nach Anzahl Ausgaben auch f\u00fcr unregelm\u00e4\u00dfige Erscheinungen<\/li>\n<li>Preisgruppen, z.B. Normalabo, Sch\u00fcler-\/Studentenabo<\/li>\n<li>Verschiedene Zahlungsbedingungen, SEPA-Lastschriften, Kreditkarten, Versandarten<\/li>\n<li>Postvertriebsst\u00fccke nach ZEBU-Regeln (Aufkleber, Listen, Bundaufschriftzettel)<\/li>\n<li>Aufkleber k\u00f6nnen &#8222;Adressupdate&#8220;-konform erstellt werden<\/li>\n<li>Automatische Fakturierung aller oder einzelner Rechnungen<\/li>\n<li>Mehrsprachige Formulare und Rechnungen<\/li>\n<li>Sammelrechnungen (ein Zahler f\u00fcr mehrere Lieferempf\u00e4nger)<\/li>\n<li>Verwendung von Textbausteinen<\/li>\n<li>Einfache Handhabung von Kombiobjekten<\/li>\n<li>Lieferunterbrechungen ggf. mit Gutschrift bei der n\u00e4chsten Fakturierung<\/li>\n<li>Manuelle Stornierungen auf Knopfdruck<\/li>\n<li>Einzelfakturierung von Ausgaben<\/li>\n<li>Vertreterprovisionen m\u00f6glich<\/li>\n<li>Hilfslisten f\u00fcr IVW-Pr\u00fcfung<\/li>\n<li>Automatische Verl\u00e4ngerungsangebote f\u00fcr befristete Abos<\/li>\n<\/ul>\n<figure id=\"attachment_6\" aria-describedby=\"caption-attachment-6\" style=\"width: 1025px\" class=\"wp-caption aligncenter\"><img loading=\"lazy\" decoding=\"async\" class=\"wp-image-6 size-full\" src=\"https:\/\/juni-x.de\/wordpress_jx\/wp-content\/uploads\/2016\/06\/abo1.gif\" alt=\"Abos erfassen\" width=\"1025\" height=\"731\" \/><figcaption id=\"caption-attachment-6\" class=\"wp-caption-text\">Abos erfassen<\/figcaption><\/figure>\n","protected":false},"excerpt":{"rendered":"<p>Was f\u00fcr Anzeigen gut ist, gilt auch f\u00fcr Abos: Ob Sie nun 1.000 oder 100.000 Exemplare auf ein oder mehrere Objekte oder Firmen verteilt, pro Woche, monatlich, j\u00e4hrlich oder wie auch immer, als Frei-, Geschenk-, Probe- oder regul\u00e4res Abonnement, im Inland oder Ausland versenden und per Rechnung,\u00a0 Lastschrift oder Kreditkarte zahlen lassen &#8211; mit MAGIC-VERLAG &hellip; <a href=\"https:\/\/juni-x.de\/wordpress_jx\/magic-verlag\/module\/abos\/\" class=\"more-link\"><span class=\"screen-reader-text\">Abos<\/span> weiterlesen <span class=\"meta-nav\">&rarr;<\/span><\/a><\/p>\n","protected":false},"author":1,"featured_media":0,"parent":29,"menu_order":2,"comment_status":"closed","ping_status":"closed","template":"","meta":{"footnotes":""},"class_list":["post-40","page","type-page","status-publish","hentry"],"_links":{"self":[{"href":"https:\/\/juni-x.de\/wordpress_jx\/wp-json\/wp\/v2\/pages\/40","targetHints":{"allow":["GET"]}}],"collection":[{"href":"https:\/\/juni-x.de\/wordpress_jx\/wp-json\/wp\/v2\/pages"}],"about":[{"href":"https:\/\/juni-x.de\/wordpress_jx\/wp-json\/wp\/v2\/types\/page"}],"author":[{"embeddable":true,"href":"https:\/\/juni-x.de\/wordpress_jx\/wp-json\/wp\/v2\/users\/1"}],"replies":[{"embeddable":true,"href":"https:\/\/juni-x.de\/wordpress_jx\/wp-json\/wp\/v2\/comments?post=40"}],"version-history":[{"count":3,"href":"https:\/\/juni-x.de\/wordpress_jx\/wp-json\/wp\/v2\/pages\/40\/revisions"}],"predecessor-version":[{"id":207,"href":"https:\/\/juni-x.de\/wordpress_jx\/wp-json\/wp\/v2\/pages\/40\/revisions\/207"}],"up":[{"embeddable":true,"href":"https:\/\/juni-x.de\/wordpress_jx\/wp-json\/wp\/v2\/pages\/29"}],"wp:attachment":[{"href":"https:\/\/juni-x.de\/wordpress_jx\/wp-json\/wp\/v2\/media?parent=40"}],"curies":[{"name":"wp","href":"https:\/\/api.w.org\/{rel}","templated":true}]}}