{"id":45,"date":"2016-06-17T12:03:46","date_gmt":"2016-06-17T10:03:46","guid":{"rendered":"https:\/\/juni-x.de\/wordpress_jx\/?page_id=45"},"modified":"2016-06-18T15:41:13","modified_gmt":"2016-06-18T13:41:13","slug":"boten","status":"publish","type":"page","link":"https:\/\/juni-x.de\/wordpress_jx\/magic-verlag\/module\/boten\/","title":{"rendered":"Boten"},"content":{"rendered":"<p>MAGIC-BOTEN unterst\u00fctzt Sie bei der Auslieferung von Anzeigenbl\u00e4ttern \u00fcber Ihr eigenes Zustellernetz. Dazu gliedern Sie die zu beliefernden Orte bzw. Stadtteile in Bezirke und diese in Stra\u00dfen. Den Bezirken werden die Austr\u00e4ger zugeordnet. Bezirke k\u00f6nnen zu Fahrtouren zusammengefa\u00dft werden. Auf Ebene der Stadtteile und Bezirke k\u00f6nnen bequem Beilagen zugeordnet werden. Unter Ber\u00fccksichtigung verschiedener Lohngruppen f\u00fcr die Zeitung und Zuschl\u00e4gen f\u00fcr die Beilagen werden automatisch die Abrechnungen f\u00fcr die Tr\u00e4ger erstellt und die L\u00f6hne per SEPA-Datei \u00fcberwiesen. Auf Knopfdruck erstellen Sie automatische E-Mails an Ihre Tr\u00e4ger mit Hinweis auf den n\u00e4chsten Auslieferungstermin.<br \/>\nDie Botenverwaltung kann als Erg\u00e4nzung zu unseren anderen Programm-Modulen Agentur, Anzeigen und Abo dienen oder auch davon unabh\u00e4ngig betrieben werden.<\/p>\n<ul>\n<li>Objekte \/ Ausgaben<\/li>\n<li>Fahrer \/ Fahrtouren<\/li>\n<li>Tr\u00e4ger \/ Zusteller<\/li>\n<li>Orte \/ Stadtteile \/ Stra\u00dfen \/ Bezirke<\/li>\n<li>Stra\u00dfen- und Tr\u00e4ger-Listen<\/li>\n<li>Einfache und \u00fcbersichtliche Zuordnung der Beilagen<\/li>\n<li>Fahrtouren-Listen \/ Abrechnungen \/ \u00dcberweisungen<\/li>\n<li>Automatische Erinnerungs-E-Mail an Tr\u00e4ger \u00fcber n\u00e4chsten Zustelltermin.<\/li>\n<\/ul>\n<figure id=\"attachment_15\" aria-describedby=\"caption-attachment-15\" style=\"width: 748px\" class=\"wp-caption aligncenter\"><img loading=\"lazy\" decoding=\"async\" class=\"wp-image-15 size-full\" src=\"https:\/\/juni-x.de\/wordpress_jx\/wp-content\/uploads\/2016\/06\/boten1.gif\" alt=\"Boten\" width=\"748\" height=\"609\" \/><figcaption id=\"caption-attachment-15\" class=\"wp-caption-text\">Boten<\/figcaption><\/figure>\n","protected":false},"excerpt":{"rendered":"<p>MAGIC-BOTEN unterst\u00fctzt Sie bei der Auslieferung von Anzeigenbl\u00e4ttern \u00fcber Ihr eigenes Zustellernetz. Dazu gliedern Sie die zu beliefernden Orte bzw. Stadtteile in Bezirke und diese in Stra\u00dfen. Den Bezirken werden die Austr\u00e4ger zugeordnet. Bezirke k\u00f6nnen zu Fahrtouren zusammengefa\u00dft werden. Auf Ebene der Stadtteile und Bezirke k\u00f6nnen bequem Beilagen zugeordnet werden. Unter Ber\u00fccksichtigung verschiedener Lohngruppen f\u00fcr &hellip; <a href=\"https:\/\/juni-x.de\/wordpress_jx\/magic-verlag\/module\/boten\/\" class=\"more-link\"><span class=\"screen-reader-text\">Boten<\/span> weiterlesen <span class=\"meta-nav\">&rarr;<\/span><\/a><\/p>\n","protected":false},"author":1,"featured_media":0,"parent":29,"menu_order":5,"comment_status":"closed","ping_status":"closed","template":"","meta":{"footnotes":""},"class_list":["post-45","page","type-page","status-publish","hentry"],"_links":{"self":[{"href":"https:\/\/juni-x.de\/wordpress_jx\/wp-json\/wp\/v2\/pages\/45","targetHints":{"allow":["GET"]}}],"collection":[{"href":"https:\/\/juni-x.de\/wordpress_jx\/wp-json\/wp\/v2\/pages"}],"about":[{"href":"https:\/\/juni-x.de\/wordpress_jx\/wp-json\/wp\/v2\/types\/page"}],"author":[{"embeddable":true,"href":"https:\/\/juni-x.de\/wordpress_jx\/wp-json\/wp\/v2\/users\/1"}],"replies":[{"embeddable":true,"href":"https:\/\/juni-x.de\/wordpress_jx\/wp-json\/wp\/v2\/comments?post=45"}],"version-history":[{"count":3,"href":"https:\/\/juni-x.de\/wordpress_jx\/wp-json\/wp\/v2\/pages\/45\/revisions"}],"predecessor-version":[{"id":110,"href":"https:\/\/juni-x.de\/wordpress_jx\/wp-json\/wp\/v2\/pages\/45\/revisions\/110"}],"up":[{"embeddable":true,"href":"https:\/\/juni-x.de\/wordpress_jx\/wp-json\/wp\/v2\/pages\/29"}],"wp:attachment":[{"href":"https:\/\/juni-x.de\/wordpress_jx\/wp-json\/wp\/v2\/media?parent=45"}],"curies":[{"name":"wp","href":"https:\/\/api.w.org\/{rel}","templated":true}]}}