{"id":47,"date":"2016-06-17T12:06:54","date_gmt":"2016-06-17T10:06:54","guid":{"rendered":"https:\/\/juni-x.de\/wordpress_jx\/?page_id=47"},"modified":"2023-04-11T12:36:58","modified_gmt":"2023-04-11T10:36:58","slug":"weitere-programme","status":"publish","type":"page","link":"https:\/\/juni-x.de\/wordpress_jx\/magic-verlag\/module\/weitere-programme\/","title":{"rendered":"Weitere Programme"},"content":{"rendered":"<h6>Offene Posten \/ FIBU \/ Einzelauftr\u00e4ge \/ Werbung<\/h6>\n<p>Als Erg\u00e4nzung zu den Modulen Anzeigen und Abo stehen au\u00dferdem Programme f\u00fcr Werbung und Einzelauftr\u00e4ge sowie eine Offene Posten-Verwaltung mit Lastschriften, Zahlungsimport und Mahnwesen zur Verf\u00fcgung.<br \/>Alternativ zur Offenen Posten-Verwaltung k\u00f6nnen Sie die zertifizierte EURO FIBU der Syska GmbH direkt \u00fcber uns beziehen. Schnittstellen zur EURO FIBU sind in Magic-Verlag bereits implementiert. In die FIBU-Schnittstelle gestellt werden die Rechnungen, Stornos und Gutschriften aus allen Bereichen sowie die Lastschriftzahlungen. Auch Stammdaten (Personenkonten) werden nat\u00fcrlich automatisch \u00fcbernommen sobald erstmals Rechnungen erstellt werden. Die FIBU wiederum bietet beispielsweise Schnittstellen f\u00fcr Bankclearing und zur DATEV.<br \/>Die Werbeprogramme erm\u00f6glichen die Selektion von Adressen nach Branchen, Produktgruppen oder anderen Klassifizierungen. Nahezu alle Felder einer Adresse oder eines Abos k\u00f6nnen in Selektionsbedingungen verwendet werden. Die Selektionen k\u00f6nnen als Etiketten gedruckt, als Textdatei ausgegeben oder an Excel\/Word \u00fcbergeben werden. Au\u00dferdem kann eine Selektion dem normalen Abo-Versand beigemischt werden, so dass die Versandkosten minimiert werden.<br \/>Die Einzelauftr\u00e4ge erm\u00f6glichen eine direkte Fakturierung beliebiger Artikel mit variablen Preisen und Bestandsf\u00fchrung. Rechnungen, Stornos oder Gutschriften k\u00f6nnen im Stapel oder direkt aus der Erfassung heraus \u00fcber die Sofort-Rechnungs-Funktion erstellt werden.<\/p>\n<figure id=\"attachment_16\" aria-describedby=\"caption-attachment-16\" style=\"width: 1025px\" class=\"wp-caption aligncenter\"><img loading=\"lazy\" decoding=\"async\" class=\"wp-image-16 size-full\" src=\"https:\/\/juni-x.de\/wordpress_jx\/wp-content\/uploads\/2016\/06\/ev1.gif\" alt=\"Einzelauftr\u00e4ge erfassen\" width=\"1025\" height=\"731\" \/><figcaption id=\"caption-attachment-16\" class=\"wp-caption-text\">Einzelauftr\u00e4ge erfassen<\/figcaption><\/figure>\n\n\n<p><\/p>\n","protected":false},"excerpt":{"rendered":"<p>Offene Posten \/ FIBU \/ Einzelauftr\u00e4ge \/ Werbung Als Erg\u00e4nzung zu den Modulen Anzeigen und Abo stehen au\u00dferdem Programme f\u00fcr Werbung und Einzelauftr\u00e4ge sowie eine Offene Posten-Verwaltung mit Lastschriften, Zahlungsimport und Mahnwesen zur Verf\u00fcgung.Alternativ zur Offenen Posten-Verwaltung k\u00f6nnen Sie die zertifizierte EURO FIBU der Syska GmbH direkt \u00fcber uns beziehen. Schnittstellen zur EURO FIBU sind &hellip; <a href=\"https:\/\/juni-x.de\/wordpress_jx\/magic-verlag\/module\/weitere-programme\/\" class=\"more-link\"><span class=\"screen-reader-text\">Weitere Programme<\/span> weiterlesen <span class=\"meta-nav\">&rarr;<\/span><\/a><\/p>\n","protected":false},"author":1,"featured_media":0,"parent":29,"menu_order":8,"comment_status":"closed","ping_status":"closed","template":"","meta":{"footnotes":""},"class_list":["post-47","page","type-page","status-publish","hentry"],"_links":{"self":[{"href":"https:\/\/juni-x.de\/wordpress_jx\/wp-json\/wp\/v2\/pages\/47","targetHints":{"allow":["GET"]}}],"collection":[{"href":"https:\/\/juni-x.de\/wordpress_jx\/wp-json\/wp\/v2\/pages"}],"about":[{"href":"https:\/\/juni-x.de\/wordpress_jx\/wp-json\/wp\/v2\/types\/page"}],"author":[{"embeddable":true,"href":"https:\/\/juni-x.de\/wordpress_jx\/wp-json\/wp\/v2\/users\/1"}],"replies":[{"embeddable":true,"href":"https:\/\/juni-x.de\/wordpress_jx\/wp-json\/wp\/v2\/comments?post=47"}],"version-history":[{"count":4,"href":"https:\/\/juni-x.de\/wordpress_jx\/wp-json\/wp\/v2\/pages\/47\/revisions"}],"predecessor-version":[{"id":208,"href":"https:\/\/juni-x.de\/wordpress_jx\/wp-json\/wp\/v2\/pages\/47\/revisions\/208"}],"up":[{"embeddable":true,"href":"https:\/\/juni-x.de\/wordpress_jx\/wp-json\/wp\/v2\/pages\/29"}],"wp:attachment":[{"href":"https:\/\/juni-x.de\/wordpress_jx\/wp-json\/wp\/v2\/media?parent=47"}],"curies":[{"name":"wp","href":"https:\/\/api.w.org\/{rel}","templated":true}]}}