{"id":50,"date":"2016-06-17T12:29:16","date_gmt":"2016-06-17T10:29:16","guid":{"rendered":"https:\/\/juni-x.de\/wordpress_jx\/?page_id=50"},"modified":"2023-11-21T17:26:52","modified_gmt":"2023-11-21T16:26:52","slug":"service-support","status":"publish","type":"page","link":"https:\/\/juni-x.de\/wordpress_jx\/service-support\/","title":{"rendered":"Service &#038; Support"},"content":{"rendered":"<p>Nach Installation der Programme werden Sie nicht alleine gelassen.<\/p>\n<p>Wir schulen unsere Programme bei Ihnen vor Ort oder in unserem Hause.<\/p>\n<p>Auch in allen anderen IT-Bereichen, wie Hardwarebeschaffung, Systemadministration, Office- und Internet-Fragen unterst\u00fctzen wir Sie gerne, auch wenn Sie unsere Software nicht einsetzen.<br \/>Die Betreuung ist per Hotline, Fernwartung oder direkt vor Ort m\u00f6glich.<\/p>\n<p>Wir empfehlen den Abschluss eines Softwarewartungsvertrages. Dadurch haben Sie jederzeit die Gew\u00e4hr, dass im Falle eines Falles schnell geholfen werden kann. Unseren Wartungskunden bieten wir Programmupdates und Individualprogrammierungen zu verg\u00fcnstigten Preisen an. Aber auch wenn Sie keine Wartung w\u00fcnschen, stehen wir f\u00fcr Support und Programmanpassungen nat\u00fcrlich gerne zur Verf\u00fcgung.<\/p>\n<ul>\n<li>st\u00e4ndige Weiterentwicklung und Individualanpassungen<\/li>\n<li>Schulung, Installation und Daten\u00fcbernahme<\/li>\n<li>Einrichtung und Anpassung von Formularen<\/li>\n<li>Optionaler Wartungsvertrag mit Hotline und erm\u00e4\u00dfigten Stundens\u00e4tzen<\/li>\n<li>Beratung bei allen IT-Fragen<\/li>\n<li>Fernbetreuung und Support<\/li>\n<li>Programmupdates<\/li>\n<li>Integration und Update von Leitdateien, wie ZEBU, PLZ-, Stra\u00dfen- und L\u00e4nderverzeichnissen<\/li>\n<li>Erstellung, Betreuung und Beratung bei FIBU, ERP, CRM, CMS und anderen Systemen (auch als Open Source)<\/li>\n<\/ul>\n<p>F\u00fcr eine spontane Fernwartung oder Pr\u00e4sentation k\u00f6nnen Sie \u00fcber den untenstehenden Link pcvisit herunterladen.<\/p>\n<figure id=\"attachment_176\" aria-describedby=\"caption-attachment-176\" style=\"width: 214px\" class=\"wp-caption aligncenter\"><a href=\"https:\/\/lb3.pcvisit.de\/v1\/hosted\/jumplink?productid=18&amp;func=download&amp;productrole=guestSetup&amp;host=lb3.pcvisit.de&amp;companyid=F 702 245 6946\"><img loading=\"lazy\" decoding=\"async\" class=\"wp-image-176 size-full\" src=\"https:\/\/juni-x.de\/wordpress_jx\/wp-content\/uploads\/2021\/02\/pcvisit-1.jpg\" alt=\"pcvisit Kunden-Modul herunterladen\" width=\"214\" height=\"68\" \/><\/a><figcaption id=\"caption-attachment-176\" class=\"wp-caption-text\">pcvisit Kunden-Modul herunterladen<\/figcaption><\/figure>\n\n\n<p><\/p>\n","protected":false},"excerpt":{"rendered":"<p>Nach Installation der Programme werden Sie nicht alleine gelassen. Wir schulen unsere Programme bei Ihnen vor Ort oder in unserem Hause. Auch in allen anderen IT-Bereichen, wie Hardwarebeschaffung, Systemadministration, Office- und Internet-Fragen unterst\u00fctzen wir Sie gerne, auch wenn Sie unsere Software nicht einsetzen.Die Betreuung ist per Hotline, Fernwartung oder direkt vor Ort m\u00f6glich. Wir empfehlen &hellip; <a href=\"https:\/\/juni-x.de\/wordpress_jx\/service-support\/\" class=\"more-link\"><span class=\"screen-reader-text\">Service &#038; Support<\/span> weiterlesen <span class=\"meta-nav\">&rarr;<\/span><\/a><\/p>\n","protected":false},"author":1,"featured_media":0,"parent":0,"menu_order":3,"comment_status":"closed","ping_status":"closed","template":"","meta":{"footnotes":""},"class_list":["post-50","page","type-page","status-publish","hentry"],"_links":{"self":[{"href":"https:\/\/juni-x.de\/wordpress_jx\/wp-json\/wp\/v2\/pages\/50","targetHints":{"allow":["GET"]}}],"collection":[{"href":"https:\/\/juni-x.de\/wordpress_jx\/wp-json\/wp\/v2\/pages"}],"about":[{"href":"https:\/\/juni-x.de\/wordpress_jx\/wp-json\/wp\/v2\/types\/page"}],"author":[{"embeddable":true,"href":"https:\/\/juni-x.de\/wordpress_jx\/wp-json\/wp\/v2\/users\/1"}],"replies":[{"embeddable":true,"href":"https:\/\/juni-x.de\/wordpress_jx\/wp-json\/wp\/v2\/comments?post=50"}],"version-history":[{"count":20,"href":"https:\/\/juni-x.de\/wordpress_jx\/wp-json\/wp\/v2\/pages\/50\/revisions"}],"predecessor-version":[{"id":209,"href":"https:\/\/juni-x.de\/wordpress_jx\/wp-json\/wp\/v2\/pages\/50\/revisions\/209"}],"wp:attachment":[{"href":"https:\/\/juni-x.de\/wordpress_jx\/wp-json\/wp\/v2\/media?parent=50"}],"curies":[{"name":"wp","href":"https:\/\/api.w.org\/{rel}","templated":true}]}}