{"id":55,"date":"2016-06-17T12:43:08","date_gmt":"2016-06-17T10:43:08","guid":{"rendered":"https:\/\/juni-x.de\/wordpress_jx\/?page_id=55"},"modified":"2022-12-02T09:32:58","modified_gmt":"2022-12-02T08:32:58","slug":"technisches","status":"publish","type":"page","link":"https:\/\/juni-x.de\/wordpress_jx\/magic-verlag\/technisches\/","title":{"rendered":"Technisches"},"content":{"rendered":"<p>MAGIC-VERLAG kann als Client\/Server- oder Einzelplatzanwendung betrieben werden.<\/p>\n<p>Sie ben\u00f6tigen lediglich einen Windows-PC. Auch wenn Sie mit Apple-Systemen oder Linux arbeiten, k\u00f6nnen wir Ihnen per Terminalserver-L\u00f6sung einen Zugang einrichten.<\/p>\n<p>Der Durchschnittsanwender hat einen kleinen Windows 2016\/2019 Server und 3-10 Arbeitspl\u00e4tze mit Windows 10\/11.<\/p>\n<p>MAGIC-VERLAG wurde optimiert f\u00fcr die robuste und wartungsfreundliche Datenbank ActianSQL. Wartungsfreundlich bedeutet, dass Sie von der Datenbank nichts merken, da sie einfach ihre Aufgaben im Hintergrund erledigt.<\/p>\n<p>MAGIC-VERLAG basiert auf der Entwicklungsplattform<\/p>\n<p><a href=\"http:\/\/magicsoftware.com\"><img loading=\"lazy\" decoding=\"async\" class=\"wp-image-18 size-full aligncenter\" src=\"https:\/\/juni-x.de\/wordpress_jx\/wp-content\/uploads\/2016\/06\/Magic_xpa_Logo.png\" alt=\"magicsoftware.com\" width=\"111\" height=\"113\" \/><\/a><\/p>\n<p>Magic xpa (fr\u00fcherer Name eDeveloper\/uniPaaS) der Magic Software Enterprises. Magic xpa erm\u00f6glicht die schnelle und zuverl\u00e4ssige Entwicklung von Client\/Server- und Internetapplikationen.<\/p>\n<p>Gerne beraten wir Sie bzgl. weiterer Hardwareausstattung. Auf Wunsch k\u00f6nnen Sie auch Hard- und Software aus einer Hand erwerben.<\/p>\n<h6><strong>MAGIC-VERLAG Systemvoraussetzungen<\/strong><\/h6>\n<ul>\n<li>Clients: Windows 7, 8, 10, 11<\/li>\n<li>Server: kleine Installationen ohne Server m\u00f6glich oder Windows 2008 bis 2022 einschlie\u00dflich Terminalserver\/RDS<\/li>\n<li>Datenbank: ActianSQL (ist enthalten) oder gegen Aufpreis MySQL, MS-SQL, Oracle, DB2<\/li>\n<\/ul>\n","protected":false},"excerpt":{"rendered":"<p>MAGIC-VERLAG kann als Client\/Server- oder Einzelplatzanwendung betrieben werden. Sie ben\u00f6tigen lediglich einen Windows-PC. Auch wenn Sie mit Apple-Systemen oder Linux arbeiten, k\u00f6nnen wir Ihnen per Terminalserver-L\u00f6sung einen Zugang einrichten. Der Durchschnittsanwender hat einen kleinen Windows 2016\/2019 Server und 3-10 Arbeitspl\u00e4tze mit Windows 10\/11. MAGIC-VERLAG wurde optimiert f\u00fcr die robuste und wartungsfreundliche Datenbank ActianSQL. Wartungsfreundlich bedeutet, &hellip; <a href=\"https:\/\/juni-x.de\/wordpress_jx\/magic-verlag\/technisches\/\" class=\"more-link\"><span class=\"screen-reader-text\">Technisches<\/span> weiterlesen <span class=\"meta-nav\">&rarr;<\/span><\/a><\/p>\n","protected":false},"author":1,"featured_media":0,"parent":26,"menu_order":0,"comment_status":"closed","ping_status":"closed","template":"","meta":{"footnotes":""},"class_list":["post-55","page","type-page","status-publish","hentry"],"_links":{"self":[{"href":"https:\/\/juni-x.de\/wordpress_jx\/wp-json\/wp\/v2\/pages\/55","targetHints":{"allow":["GET"]}}],"collection":[{"href":"https:\/\/juni-x.de\/wordpress_jx\/wp-json\/wp\/v2\/pages"}],"about":[{"href":"https:\/\/juni-x.de\/wordpress_jx\/wp-json\/wp\/v2\/types\/page"}],"author":[{"embeddable":true,"href":"https:\/\/juni-x.de\/wordpress_jx\/wp-json\/wp\/v2\/users\/1"}],"replies":[{"embeddable":true,"href":"https:\/\/juni-x.de\/wordpress_jx\/wp-json\/wp\/v2\/comments?post=55"}],"version-history":[{"count":15,"href":"https:\/\/juni-x.de\/wordpress_jx\/wp-json\/wp\/v2\/pages\/55\/revisions"}],"predecessor-version":[{"id":188,"href":"https:\/\/juni-x.de\/wordpress_jx\/wp-json\/wp\/v2\/pages\/55\/revisions\/188"}],"up":[{"embeddable":true,"href":"https:\/\/juni-x.de\/wordpress_jx\/wp-json\/wp\/v2\/pages\/26"}],"wp:attachment":[{"href":"https:\/\/juni-x.de\/wordpress_jx\/wp-json\/wp\/v2\/media?parent=55"}],"curies":[{"name":"wp","href":"https:\/\/api.w.org\/{rel}","templated":true}]}}