{"id":61,"date":"2016-06-17T13:07:38","date_gmt":"2016-06-17T11:07:38","guid":{"rendered":"https:\/\/juni-x.de\/wordpress_jx\/?page_id=61"},"modified":"2022-12-02T09:45:32","modified_gmt":"2022-12-02T08:45:32","slug":"webentwicklung","status":"publish","type":"page","link":"https:\/\/juni-x.de\/wordpress_jx\/webentwicklung\/","title":{"rendered":"Programmierung"},"content":{"rendered":"<p>Wir entwickeln Windows-Anwendungen und Websites. Dazu werden in der Regel verschiedene Werkzeuge, Programmiersprachen und Datenbanken eingesetzt.\u00a0 Wir greifen auf einen gro\u00dfen Erfahrungsschatz und vorhandene Software zur\u00fcck.<\/p>\n<p>Durch den Einsatz der Entwicklungsumgebung Magic xpa (fr\u00fcherer Name eDeveloper\/uniPaaS) k\u00f6nnen Windows-Individualprogramme\u00a0 sehr schnell entwickelt werden. Mithilfe von AutoIt\u00a0 und VBA k\u00f6nnen viele Vorg\u00e4nge automatisiert werden.\u00a0 F\u00fcr die Websiteentwicklung wird WordPress eingesetzt. Viele Aufgaben k\u00f6nnen auch durch den Einsatz von Open Source-Systemen gel\u00f6st werden.<\/p>\n<ul>\n<li>Magic xpa f\u00fcr Windows<\/li>\n<li>AutoIt\/VBA f\u00fcr Automatisierung<\/li>\n<li>WordPress f\u00fcr Internet\/Intranet<\/li>\n<\/ul>\n","protected":false},"excerpt":{"rendered":"<p>Wir entwickeln Windows-Anwendungen und Websites. Dazu werden in der Regel verschiedene Werkzeuge, Programmiersprachen und Datenbanken eingesetzt.\u00a0 Wir greifen auf einen gro\u00dfen Erfahrungsschatz und vorhandene Software zur\u00fcck. Durch den Einsatz der Entwicklungsumgebung Magic xpa (fr\u00fcherer Name eDeveloper\/uniPaaS) k\u00f6nnen Windows-Individualprogramme\u00a0 sehr schnell entwickelt werden. Mithilfe von AutoIt\u00a0 und VBA k\u00f6nnen viele Vorg\u00e4nge automatisiert werden.\u00a0 F\u00fcr die Websiteentwicklung &hellip; <a href=\"https:\/\/juni-x.de\/wordpress_jx\/webentwicklung\/\" class=\"more-link\"><span class=\"screen-reader-text\">Programmierung<\/span> weiterlesen <span class=\"meta-nav\">&rarr;<\/span><\/a><\/p>\n","protected":false},"author":1,"featured_media":0,"parent":0,"menu_order":5,"comment_status":"closed","ping_status":"closed","template":"","meta":{"footnotes":""},"class_list":["post-61","page","type-page","status-publish","hentry"],"_links":{"self":[{"href":"https:\/\/juni-x.de\/wordpress_jx\/wp-json\/wp\/v2\/pages\/61","targetHints":{"allow":["GET"]}}],"collection":[{"href":"https:\/\/juni-x.de\/wordpress_jx\/wp-json\/wp\/v2\/pages"}],"about":[{"href":"https:\/\/juni-x.de\/wordpress_jx\/wp-json\/wp\/v2\/types\/page"}],"author":[{"embeddable":true,"href":"https:\/\/juni-x.de\/wordpress_jx\/wp-json\/wp\/v2\/users\/1"}],"replies":[{"embeddable":true,"href":"https:\/\/juni-x.de\/wordpress_jx\/wp-json\/wp\/v2\/comments?post=61"}],"version-history":[{"count":18,"href":"https:\/\/juni-x.de\/wordpress_jx\/wp-json\/wp\/v2\/pages\/61\/revisions"}],"predecessor-version":[{"id":194,"href":"https:\/\/juni-x.de\/wordpress_jx\/wp-json\/wp\/v2\/pages\/61\/revisions\/194"}],"wp:attachment":[{"href":"https:\/\/juni-x.de\/wordpress_jx\/wp-json\/wp\/v2\/media?parent=61"}],"curies":[{"name":"wp","href":"https:\/\/api.w.org\/{rel}","templated":true}]}}