{"id":65,"date":"2016-06-17T13:16:04","date_gmt":"2016-06-17T11:16:04","guid":{"rendered":"https:\/\/juni-x.de\/wordpress_jx\/?page_id=65"},"modified":"2024-05-30T16:33:39","modified_gmt":"2024-05-30T14:33:39","slug":"impressum-kontakt","status":"publish","type":"page","link":"https:\/\/juni-x.de\/wordpress_jx\/impressum-kontakt\/","title":{"rendered":"Impressum \/ Datenschutz"},"content":{"rendered":"<p style=\"text-align: center;\">Juni-X EDV-Service GmbH<br \/>\nKarlsh\u00f6he 1 b<br \/>\n22175 Hamburg<br \/>\nTelefon: 040 \/ 529 831 90<br \/>\nFax: 040 \/ 529 831 91<br \/>\nvoss@juni-x.de<br \/>\n<a href=\"https:\/\/www.juni-x.de\">www.juni-x.de<\/a><\/p>\n<p style=\"text-align: center;\">USt-IdNr: DE156420623<br \/>\nHandelsregister HRB 68487 Hamburg<br \/>\nGesch\u00e4ftsf\u00fchrer: Henning Vo\u00df<\/p>\n<h6 style=\"text-align: left;\">Haftungshinweis<\/h6>\n<p style=\"text-align: left;\">Diese Website wurde mit gr\u00f6\u00dftm\u00f6glicher Sorgfalt zusammengestellt. Dennoch kann keine Gew\u00e4hr f\u00fcr die Aktualit\u00e4t, Vollst\u00e4ndigkeit und Richtigkeit der enthaltenen Informationen \u00fcbernommen werden. Jegliche Haftung f\u00fcr Sch\u00e4den, die direkt oder indirekt aus der Benutzung dieser Website\u00a0 entstehen, wird ausgeschlossen, soweit diese nicht auf Vorsatz oder grober Fahrl\u00e4ssigkeit beruhen. F\u00fcr die Richtigkeit der Inhalte von Seiten, auf die von unseren Seiten verwiesen wird, ist immer der jeweilige Anbieter oder Betreiber verantwortlich, weshalb wir diesbez\u00fcglich keinerlei Gew\u00e4hr \u00fcbernehmen. Sobald wir von rechtswidrigen oder strafbaren Inhalten von Seiten Dritter erfahren, die von unseren Seiten verlinkt wurden, werden die entsprechenden Links umgehend entfernt. Wir sind nicht verpflichtet, in regelm\u00e4\u00dfigen Abst\u00e4nden den Inhalt von Angeboten Dritter auf deren Rechtswidrigkeit oder Strafbarkeit zu \u00fcberpr\u00fcfen.<\/p>\n<p>Einer Nutzung der ver\u00f6ffentlichten Kontaktdaten durch Dritte zu Werbezwecken wird hiermit ausdr\u00fccklich widersprochen. Der Betreiber beh\u00e4lt sich f\u00fcr den Fall unverlangt zugesandter Werbe- oder Informationsmaterialien ausdr\u00fccklich rechtliche Schritte vor.<\/p>\n<h6>Datenschutzerkl\u00e4rung<\/h6>\n<p>Die Betreiber dieser Seiten nehmen den Schutz Ihrer pers\u00f6nlichen Daten sehr ernst. Wir behandeln Ihre personenbezogenen Daten<br \/>\nvertraulich und entsprechend der gesetzlichen Datenschutz-vorschriften sowie dieser Datenschutzerkl\u00e4rung.<\/p>\n<p>Die Nutzung unserer Website ist ohne Angabe personenbezogener Daten m\u00f6glich.\u00a0 Wir weisen darauf hin, dass die Daten\u00fcbertragung im Internet, z.B. bei der Kommunikation per E-Mail Sicherheitsl\u00fccken aufweisen kann. Ein l\u00fcckenloser Schutz der Daten vor dem Zugriff durch Dritte ist nicht m\u00f6glich.<\/p>\n<p>F\u00fcr die statistische Auswertung der Website-Zugriffe werden Logdateien erstellt. Gespeichert werden die aufgerufenen URL\u00b4s und die IP-Adressen. Daten die m\u00f6glicherweise eine Identifizierung zulassen k\u00f6nnen werden nicht dauerhaft gespeichert. Wir k\u00f6nnen keine R\u00fcckschl\u00fcsse auf den User selbst herstellen sondern nur statistisch erfassen wie oft welche Seite aufgerufen wurde und woher diese Aufrufe gekommen sind, z.B. \u00fcber die Google-Suche.<\/p>\n<h6>Cookies<\/h6>\n<div>\n<p>Diese Website erf\u00fcllt die Pflicht zum Hinweis auf den Einsatz von Cookies. Durch die Verwendung von Cookies werden Internetseiten nutzerfreundlicher, effektiver und sicherer.\u00a0 Es handelt sich dabei um kleine Textdateien, die auf Ihrem Rechner abgelegt werden. Die gespeicherten Cookies k\u00f6nnen f\u00fcr jede Website eingesehen und verwaltet werden:<\/p>\n<\/div>\n<div>\n<p>Chrome: Klicken Sie oben neben der Adresszeile auf das Schloss (bei SSL-zertifizierten Seiten) bzw. das Informations-Symbol (i).<\/p>\n<p>Firefox: Klicken Sie links oben neben der Webadresse auf das Symbol. Folgen Sie dem Klickfeld nach rechts und w\u00e4hlen Sie \u201eWeitere Informationen\u201c. Die Cookie-Verwaltung befindet sich unter \u201eSicherheit\u201c<\/p>\n<p>Internet-Explorer: W\u00e4hlen Sie hinter dem Zahnrad-Symbol die Schaltfl\u00e4che \u201eExtras\u201c &gt; \u201eInternetoptionen\u201c. Klicken Sie die Registerkarte \u201eDatenschutz\u201c. Unter Einstellungen finden Sie den Punkt \u201eErweitert\u201c mit den Verwaltungsoptionen f\u00fcr Cookies.<\/p>\n<p>Mit der Speicherung von Cookies erm\u00f6glichen Sie dieser Homepage inhaltliche und strukturelle Anpassung an die individuellen Besucherbed\u00fcrfnisse. Einstellungen werden zeitlich befristet gespeichert und bei erneutem Besuch abgerufen. Mit Anwendung der DSGVO ab dem 25. Mai 2018 sind Webseitenbetreiber dazu verpflichtet, Nutzer entsprechend \u00fcber die Erfassung und Auswertung von Daten in Kenntnis zu setzen. Die Rechtm\u00e4\u00dfigkeit der Verarbeitung ist in Kapitel 2, Artikel 6 der DSGVO begr\u00fcndet.<\/p>\n<\/div>\n","protected":false},"excerpt":{"rendered":"<p>Juni-X EDV-Service GmbH Karlsh\u00f6he 1 b 22175 Hamburg Telefon: 040 \/ 529 831 90 Fax: 040 \/ 529 831 91 voss@juni-x.de www.juni-x.de USt-IdNr: DE156420623 Handelsregister HRB 68487 Hamburg Gesch\u00e4ftsf\u00fchrer: Henning Vo\u00df Haftungshinweis Diese Website wurde mit gr\u00f6\u00dftm\u00f6glicher Sorgfalt zusammengestellt. Dennoch kann keine Gew\u00e4hr f\u00fcr die Aktualit\u00e4t, Vollst\u00e4ndigkeit und Richtigkeit der enthaltenen Informationen \u00fcbernommen werden. Jegliche &hellip; <a href=\"https:\/\/juni-x.de\/wordpress_jx\/impressum-kontakt\/\" class=\"more-link\"><span class=\"screen-reader-text\">Impressum \/ Datenschutz<\/span> weiterlesen <span class=\"meta-nav\">&rarr;<\/span><\/a><\/p>\n","protected":false},"author":1,"featured_media":0,"parent":0,"menu_order":9,"comment_status":"closed","ping_status":"closed","template":"","meta":{"footnotes":""},"class_list":["post-65","page","type-page","status-publish","hentry"],"_links":{"self":[{"href":"https:\/\/juni-x.de\/wordpress_jx\/wp-json\/wp\/v2\/pages\/65","targetHints":{"allow":["GET"]}}],"collection":[{"href":"https:\/\/juni-x.de\/wordpress_jx\/wp-json\/wp\/v2\/pages"}],"about":[{"href":"https:\/\/juni-x.de\/wordpress_jx\/wp-json\/wp\/v2\/types\/page"}],"author":[{"embeddable":true,"href":"https:\/\/juni-x.de\/wordpress_jx\/wp-json\/wp\/v2\/users\/1"}],"replies":[{"embeddable":true,"href":"https:\/\/juni-x.de\/wordpress_jx\/wp-json\/wp\/v2\/comments?post=65"}],"version-history":[{"count":17,"href":"https:\/\/juni-x.de\/wordpress_jx\/wp-json\/wp\/v2\/pages\/65\/revisions"}],"predecessor-version":[{"id":211,"href":"https:\/\/juni-x.de\/wordpress_jx\/wp-json\/wp\/v2\/pages\/65\/revisions\/211"}],"wp:attachment":[{"href":"https:\/\/juni-x.de\/wordpress_jx\/wp-json\/wp\/v2\/media?parent=65"}],"curies":[{"name":"wp","href":"https:\/\/api.w.org\/{rel}","templated":true}]}}