{"id":74,"date":"2016-06-17T13:50:07","date_gmt":"2016-06-17T11:50:07","guid":{"rendered":"http:\/\/localhostjuni-x.de\/wordpress_jx\/?page_id=74"},"modified":"2022-12-02T09:56:04","modified_gmt":"2022-12-02T08:56:04","slug":"ueber-juni-x","status":"publish","type":"page","link":"https:\/\/juni-x.de\/wordpress_jx\/ueber-juni-x\/","title":{"rendered":"\u00fcber Juni-X"},"content":{"rendered":"<h6>Geschichte<\/h6>\n<p>Die Juni-X EDV-Service GmbH wurde 1992 gegr\u00fcndet. Bereits in der Zeit davor wurde im Bereich der Verlagssoftware-Entwicklung gearbeitet. Wir haben \u00fcber 30 Jahre Erfahrung in der Branche.<\/p>\n<p>Anfangs von vier Gesellschaftern gegr\u00fcndet wird die GmbH seit 2001 von Henning Vo\u00df als alleinigem Gesellschaftergesch\u00e4ftsf\u00fchrer ohne weitere feste Mitarbeiter gef\u00fchrt. Bei Bedarf wird auf einen Pool von\u00a0 freien Mitarbeitern zugegriffen (daher erlaube ich mir in der &#8222;Wir&#8220;-Form zu schreiben).<\/p>\n<h6>St\u00e4rken und Erfahrungen<\/h6>\n<p>Gute Qualit\u00e4t spricht sich herum. Wir setzen unsere Resourcen weniger f\u00fcr Werbung als f\u00fcr ein hochwertiges Produkt und eine gute Betreuung unserer Kunden ein. Dies f\u00fchrt zu langfristiger Zusammenarbeit und zufriedenen Kunden.<\/p>\n<p>Bei Juni-X sprechen Sie nicht mit einem unpers\u00f6nlichen Call-Center oder landen in der Warteschlange. Vielmehr k\u00fcmmert sich der Entwickler der Software um Ihre Probleme.<\/p>\n<p>Au\u00dfer im Verlagswesen haben wir Erfahrungen in vielen anderen Bereichen, wie FIBU, ERP, CRM, CMS, DMS und anderen Systemen.<\/p>\n<p>In den letzten Jahren betreiben wir verst\u00e4rkt Administration und Support f\u00fcr soziale Organisationen.<\/p>\n<p>Juni-X hat auch etliche Migrationsprojekte von Unix-, DOS- oder Nixdorf 8870-Systemen (unsere Plattform vor 30 Jahren) auf moderne Windows-Umgebungen durchgef\u00fchrt.<\/p>\n<ul>\n<li><span style=\"font-family: Verdana,Tahoma,Arial,Helvetica,sans-serif,sans-serif;\">30 Jahre Erfahrung im IT-Bereich speziell f\u00fcr Verlage<\/span><\/li>\n<li><span style=\"font-family: Verdana,Tahoma,Arial,Helvetica,sans-serif,sans-serif;\">gute Qualit\u00e4t und langfristige Zusammenarbeit<\/span><\/li>\n<li><span style=\"font-family: Verdana,Tahoma,Arial,Helvetica,sans-serif,sans-serif;\">st\u00e4ndige Weiterentwicklung und Individualanpassungen<\/span><\/li>\n<li><span style=\"font-family: Verdana,Tahoma,Arial,Helvetica,sans-serif,sans-serif;\">Schulung, Installation und Daten\u00fcbernahme<\/span><\/li>\n<li><span style=\"font-family: Verdana,Tahoma,Arial,Helvetica,sans-serif,sans-serif;\">Fernbetreuung und Support<\/span><\/li>\n<li><span style=\"font-family: Verdana,Tahoma,Arial,Helvetica,sans-serif,sans-serif;\">Erstellung, Betreuung und Beratung bei FIBU, ERP, CRM, CMS, DMS und anderen Systemen (auch als Open Source)<\/span><\/li>\n<li><span style=\"font-family: Verdana,Tahoma,Arial,Helvetica,sans-serif,sans-serif;\">Programmierung in Magic xpa\/uniPaaS, Actian\/PervasiveSQL, AutoIt, VBA, WordPress<\/span><\/li>\n<\/ul>\n<h6>Aussichten<\/h6>\n<p>MAGIC-VERLAG wurde 1997 erstmals als moderne Client-\/Serverl\u00f6sung eingesetzt. Die Programme laufen sehr zuverl\u00e4ssig \u00fcber alle Windows-Generationen.<\/p>\n<p>Die Systemadministration und der ganzheitliche Support f\u00fcr Kunden im sozialen Bereich ist heute unser wichtigstes Standbein.<\/p>\n","protected":false},"excerpt":{"rendered":"<p>Geschichte Die Juni-X EDV-Service GmbH wurde 1992 gegr\u00fcndet. Bereits in der Zeit davor wurde im Bereich der Verlagssoftware-Entwicklung gearbeitet. Wir haben \u00fcber 30 Jahre Erfahrung in der Branche. Anfangs von vier Gesellschaftern gegr\u00fcndet wird die GmbH seit 2001 von Henning Vo\u00df als alleinigem Gesellschaftergesch\u00e4ftsf\u00fchrer ohne weitere feste Mitarbeiter gef\u00fchrt. Bei Bedarf wird auf einen Pool &hellip; <a href=\"https:\/\/juni-x.de\/wordpress_jx\/ueber-juni-x\/\" class=\"more-link\"><span class=\"screen-reader-text\">\u00fcber Juni-X<\/span> weiterlesen <span class=\"meta-nav\">&rarr;<\/span><\/a><\/p>\n","protected":false},"author":1,"featured_media":0,"parent":0,"menu_order":7,"comment_status":"closed","ping_status":"closed","template":"","meta":{"footnotes":""},"class_list":["post-74","page","type-page","status-publish","hentry"],"_links":{"self":[{"href":"https:\/\/juni-x.de\/wordpress_jx\/wp-json\/wp\/v2\/pages\/74","targetHints":{"allow":["GET"]}}],"collection":[{"href":"https:\/\/juni-x.de\/wordpress_jx\/wp-json\/wp\/v2\/pages"}],"about":[{"href":"https:\/\/juni-x.de\/wordpress_jx\/wp-json\/wp\/v2\/types\/page"}],"author":[{"embeddable":true,"href":"https:\/\/juni-x.de\/wordpress_jx\/wp-json\/wp\/v2\/users\/1"}],"replies":[{"embeddable":true,"href":"https:\/\/juni-x.de\/wordpress_jx\/wp-json\/wp\/v2\/comments?post=74"}],"version-history":[{"count":11,"href":"https:\/\/juni-x.de\/wordpress_jx\/wp-json\/wp\/v2\/pages\/74\/revisions"}],"predecessor-version":[{"id":197,"href":"https:\/\/juni-x.de\/wordpress_jx\/wp-json\/wp\/v2\/pages\/74\/revisions\/197"}],"wp:attachment":[{"href":"https:\/\/juni-x.de\/wordpress_jx\/wp-json\/wp\/v2\/media?parent=74"}],"curies":[{"name":"wp","href":"https:\/\/api.w.org\/{rel}","templated":true}]}}